{"id":21439,"date":"2025-02-03T15:28:47","date_gmt":"2025-02-03T14:28:47","guid":{"rendered":"https:\/\/golfbraekers.nl\/?page_id=21439"},"modified":"2025-12-04T16:38:38","modified_gmt":"2025-12-04T15:38:38","slug":"prinseleed","status":"publish","type":"page","link":"https:\/\/golfbraekers.nl\/index.php\/prinseleed\/","title":{"rendered":"Prinseleed"},"content":{"rendered":"\n<figure class=\"wp-block-audio\"><audio controls src=\"https:\/\/golfbraekers.nl\/wp-content\/uploads\/Prinsenlied-Wessem_MASTER.wav\"><\/audio><\/figure>\n\n\n\n<p><em>Loester hie of download um!!<\/em><\/p>\n\n\n\n<h1>Songetekst! Prins W\u00e8ssem 2026<\/h1>\n\n\n\n<p>1e couplet<br>Nemes dae mit vastelaovendj stil moog blieve sjtaon<br>Same fie\u00ebste wae dees drie daag<br>Golfbraekers gaeve det door van vader oppe zoon<br>Det maakt de vastelaovendj geslaag<\/p>\n\n\n\n<p>Wae gaon m\u00e8t vastelaovendj, toet aan de l\u00e8tste runj<br>Gaas toet dinsdigaovendj, want sjtilsjtaon det is zunj<\/p>\n\n\n\n<p>Refrein<br>Want ich moog in W\u00e8ssem Prins zeen<br>Dus de veutjes diej gaon van de vloer<br>Eine kie\u00ebr in W\u00e8ssem Prins zeen<br>Laotj uch gaon, Kuuep sjteit aan ut roer<br>En noe sjpring, sjpring, sjpring<br>Vastelaovendj in<\/p>\n\n\n\n<p>2e couplet<br>Same viere wae dees gaaf belaevenis<br>Niks geitj \u00f3s dees daag naeve de naas<br>Want zoea lang ut hiej in W\u00e8ssem vastelaovendj is<br>Sjtruimt de tap nog heller es de Maas<\/p>\n\n\n\n<p>Wae gaon m\u00e8t vastelaovendj, toet aan de l\u00e8tste runj<br>Gaas toet dinsdigaovendj, want sjtilsjtaon det is zunj<\/p>\n\n\n\n<p>Refrein<br>Want ich moog in W\u00e8ssem Prins zeen<br>Dus de veutjes diej gaon van de vloer<br>Eine kie\u00ebr in W\u00e8ssem Prins zeen<br>Laotj uch gaon, Kuuep sjteit aan ut roer<br>En noe sjpring, sjpring, sjpring<br>Vastelaovendj in<\/p>\n\n\n\n<p>Brug<br>Wae gaon m\u00e8t vastelaovendj<br>Toet de aller-aller-l\u00e8tste runj<br>Gaas toet dinsdigaovendj,<br>Want sjtilsjtaon vinje wae zo zunj.<\/p>\n\n\n\n<p>Refrein<br>Want ich moog in W\u00e8ssem Prins zeen<br>Dus de veutjes diej gaon van de vloer<br>Eine kie\u00ebr in W\u00e8ssem Prins zeen<br>Laotj uch gaon, Kuuep sjteit aan ut roer<br>En noe sjpring, sjpring, sjpring<br>Vastelaovendj in<\/p>\n","protected":false},"excerpt":{"rendered":"<p>Loester hie of download um!! Songetekst! Prins W\u00e8ssem 2026 1e coupletNemes dae mit vastelaovendj stil moog blieve sjtaonSame fie\u00ebste wae dees drie daagGolfbraekers gaeve det door van vader oppe zoonDet maakt de vastelaovendj geslaag Wae gaon m\u00e8t vastelaovendj, toet aan de l\u00e8tste runjGaas toet dinsdigaovendj, want sjtilsjtaon det is zunj [&hellip;]<\/p>\n","protected":false},"author":1,"featured_media":0,"parent":0,"menu_order":0,"comment_status":"closed","ping_status":"closed","template":"","meta":{"footnotes":""},"class_list":["post-21439","page","type-page","status-publish","hentry"],"_links":{"self":[{"href":"https:\/\/golfbraekers.nl\/index.php\/wp-json\/wp\/v2\/pages\/21439","targetHints":{"allow":["GET"]}}],"collection":[{"href":"https:\/\/golfbraekers.nl\/index.php\/wp-json\/wp\/v2\/pages"}],"about":[{"href":"https:\/\/golfbraekers.nl\/index.php\/wp-json\/wp\/v2\/types\/page"}],"author":[{"embeddable":true,"href":"https:\/\/golfbraekers.nl\/index.php\/wp-json\/wp\/v2\/users\/1"}],"replies":[{"embeddable":true,"href":"https:\/\/golfbraekers.nl\/index.php\/wp-json\/wp\/v2\/comments?post=21439"}],"version-history":[{"count":7,"href":"https:\/\/golfbraekers.nl\/index.php\/wp-json\/wp\/v2\/pages\/21439\/revisions"}],"predecessor-version":[{"id":21552,"href":"https:\/\/golfbraekers.nl\/index.php\/wp-json\/wp\/v2\/pages\/21439\/revisions\/21552"}],"wp:attachment":[{"href":"https:\/\/golfbraekers.nl\/index.php\/wp-json\/wp\/v2\/media?parent=21439"}],"curies":[{"name":"wp","href":"https:\/\/api.w.org\/{rel}","templated":true}]}}