{"id":56,"date":"2015-10-18T09:44:29","date_gmt":"2015-10-18T08:44:29","guid":{"rendered":"http:\/\/golfbraekers.nl\/?page_id=56"},"modified":"2025-01-07T11:10:51","modified_gmt":"2025-01-07T10:10:51","slug":"oad-prinsen","status":"publish","type":"page","link":"https:\/\/golfbraekers.nl\/index.php\/oad-prinsen\/","title":{"rendered":"Oad Prinsen"},"content":{"rendered":"<table>\n<tbody>\n<tr>\n<td><\/td>\n<td style=\"text-align: left;\"><strong>2024 Mario I<\/strong><\/p>\n<blockquote><p><b>Met vasteloavend goan wea wie de brandjwaer!<\/b><\/p><\/blockquote>\n<\/td>\n<\/tr>\n<tr>\n<td><img loading=\"lazy\" decoding=\"async\" class=\"alignnone size-full wp-image-21178\" src=\"http:\/\/golfbraekers.nl\/wp-content\/uploads\/job.jpg\" alt=\"\" width=\"150\" height=\"150\" srcset=\"https:\/\/golfbraekers.nl\/wp-content\/uploads\/job.jpg 150w, https:\/\/golfbraekers.nl\/wp-content\/uploads\/job-100x100.jpg 100w\" sizes=\"auto, (max-width: 150px) 100vw, 150px\" \/><\/td>\n<td style=\"text-align: left;\"><strong>2023 Job I<\/strong><\/p>\n<blockquote><p><b>Dreije is sjiek,&#8230; Prins is uniek!!!<\/b><\/p><\/blockquote>\n<\/td>\n<\/tr>\n<tr>\n<td><img loading=\"lazy\" decoding=\"async\" class=\"alignnone wp-image-21175\" src=\"http:\/\/golfbraekers.nl\/wp-content\/uploads\/pauze-218x300.jpg\" alt=\"\" width=\"150\" height=\"206\" srcset=\"https:\/\/golfbraekers.nl\/wp-content\/uploads\/pauze-218x300.jpg 218w, https:\/\/golfbraekers.nl\/wp-content\/uploads\/pauze.jpg 300w\" sizes=\"auto, (max-width: 150px) 100vw, 150px\" \/><\/td>\n<td style=\"text-align: left;\">\n<blockquote><p>get met corona<\/p><\/blockquote>\n<\/td>\n<\/tr>\n<tr>\n<td><img loading=\"lazy\" decoding=\"async\" class=\"alignnone size-thumbnail wp-image-21017\" src=\"http:\/\/golfbraekers.nl\/wp-content\/uploads\/prins_gallerij-150x150.jpg\" alt=\"\" width=\"150\" height=\"150\" srcset=\"https:\/\/golfbraekers.nl\/wp-content\/uploads\/prins_gallerij-150x150.jpg 150w, https:\/\/golfbraekers.nl\/wp-content\/uploads\/prins_gallerij-300x300.jpg 300w, https:\/\/golfbraekers.nl\/wp-content\/uploads\/prins_gallerij-100x100.jpg 100w\" sizes=\"auto, (max-width: 150px) 100vw, 150px\" \/><\/td>\n<td style=\"text-align: left;\"><strong>2020 Jasper I<\/strong><\/p>\n<blockquote><p><strong>Tr\u00e4\u00f6t aan de kantj, scepter in de handj!!! ALAAF<\/strong><\/p><\/blockquote>\n<\/td>\n<\/tr>\n<tr>\n<td><img loading=\"lazy\" decoding=\"async\" class=\"alignnone wp-image-5170 size-thumbnail\" src=\"http:\/\/golfbraekers.nl\/wp-content\/uploads\/FotoSweegers_0000625_MM-150x150.jpg\" alt=\"\" width=\"150\" height=\"150\" srcset=\"https:\/\/golfbraekers.nl\/wp-content\/uploads\/FotoSweegers_0000625_MM-150x150.jpg 150w, https:\/\/golfbraekers.nl\/wp-content\/uploads\/FotoSweegers_0000625_MM-300x300.jpg 300w, https:\/\/golfbraekers.nl\/wp-content\/uploads\/FotoSweegers_0000625_MM-100x100.jpg 100w, https:\/\/golfbraekers.nl\/wp-content\/uploads\/FotoSweegers_0000625_MM.jpg 450w\" sizes=\"auto, (max-width: 150px) 100vw, 150px\" \/><\/td>\n<td style=\"text-align: left;\"><strong>2019 Han I<\/strong><\/p>\n<blockquote><p><b style=\"font-family: inherit; font-size: inherit;\">Neet kalle.. mer Knalle<\/b><\/p><\/blockquote>\n<\/td>\n<\/tr>\n<tr>\n<td>\u00a0<img loading=\"lazy\" decoding=\"async\" class=\"alignnone wp-image-2044 size-thumbnail\" src=\"http:\/\/golfbraekers.nl\/wp-content\/uploads\/Foto-Sweegers-_0005232KK-e1543746724810-150x150.jpg\" alt=\"\" width=\"150\" height=\"150\" srcset=\"https:\/\/golfbraekers.nl\/wp-content\/uploads\/Foto-Sweegers-_0005232KK-e1543746724810-150x150.jpg 150w, https:\/\/golfbraekers.nl\/wp-content\/uploads\/Foto-Sweegers-_0005232KK-e1543746724810-300x300.jpg 300w, https:\/\/golfbraekers.nl\/wp-content\/uploads\/Foto-Sweegers-_0005232KK-e1543746724810-100x100.jpg 100w\" sizes=\"auto, (max-width: 150px) 100vw, 150px\" \/><\/td>\n<td style=\"text-align: left;\"><strong>2018 Johan II<\/strong><\/p>\n<blockquote><p><b style=\"font-family: inherit; font-size: inherit;\">Laef fie\u00ebst hos\u2026 4&#215;11 wae gaon los<\/b><\/p><\/blockquote>\n<\/td>\n<\/tr>\n<tr>\n<td>\u00a0<img loading=\"lazy\" decoding=\"async\" class=\"alignnone size-thumbnail wp-image-2030\" src=\"http:\/\/golfbraekers.nl\/wp-content\/uploads\/Foto-Sweegers-_0007037HH-e1512300809998-150x150.jpg\" alt=\"\" width=\"150\" height=\"150\" srcset=\"https:\/\/golfbraekers.nl\/wp-content\/uploads\/Foto-Sweegers-_0007037HH-e1512300809998-150x150.jpg 150w, https:\/\/golfbraekers.nl\/wp-content\/uploads\/Foto-Sweegers-_0007037HH-e1512300809998-300x300.jpg 300w, https:\/\/golfbraekers.nl\/wp-content\/uploads\/Foto-Sweegers-_0007037HH-e1512300809998-100x100.jpg 100w\" sizes=\"auto, (max-width: 150px) 100vw, 150px\" \/><\/td>\n<td style=\"text-align: left;\"><strong>2017 Roy I<\/strong><\/p>\n<blockquote><p><b>Gein Gas, &#8230;mer GAAAS !!!<\/b><\/p><\/blockquote>\n<\/td>\n<\/tr>\n<tr>\n<td>\u00a0<img loading=\"lazy\" decoding=\"async\" class=\"alignnone size-thumbnail wp-image-1448\" src=\"http:\/\/golfbraekers.nl\/wp-content\/uploads\/Mediabibliotheek_\u2039_CV_de_Golfbraekers_Wessem_\u2014_WordPress-150x150.png\" alt=\"\" width=\"150\" height=\"150\" srcset=\"https:\/\/golfbraekers.nl\/wp-content\/uploads\/Mediabibliotheek_\u2039_CV_de_Golfbraekers_Wessem_\u2014_WordPress-150x150.png 150w, https:\/\/golfbraekers.nl\/wp-content\/uploads\/Mediabibliotheek_\u2039_CV_de_Golfbraekers_Wessem_\u2014_WordPress-300x300.png 300w, https:\/\/golfbraekers.nl\/wp-content\/uploads\/Mediabibliotheek_\u2039_CV_de_Golfbraekers_Wessem_\u2014_WordPress-100x100.png 100w, https:\/\/golfbraekers.nl\/wp-content\/uploads\/Mediabibliotheek_\u2039_CV_de_Golfbraekers_Wessem_\u2014_WordPress-600x603.png 600w, https:\/\/golfbraekers.nl\/wp-content\/uploads\/Mediabibliotheek_\u2039_CV_de_Golfbraekers_Wessem_\u2014_WordPress-768x772.png 768w, https:\/\/golfbraekers.nl\/wp-content\/uploads\/Mediabibliotheek_\u2039_CV_de_Golfbraekers_Wessem_\u2014_WordPress.png 870w\" sizes=\"auto, (max-width: 150px) 100vw, 150px\" \/><\/td>\n<td style=\"text-align: left;\"><strong>2016 Stan I<\/strong><\/p>\n<blockquote><p><strong>Tegels aan de kantj,<\/strong><strong>wae plekken in het W\u00e8ssems landj!<\/strong><\/p><\/blockquote>\n<\/td>\n<\/tr>\n<tr>\n<td>\u00a0<img loading=\"lazy\" decoding=\"async\" class=\"alignnone size-thumbnail wp-image-1446\" src=\"http:\/\/golfbraekers.nl\/wp-content\/uploads\/foto_hans_sweegers_heel_kl_jpg-150x150.png\" alt=\"\" width=\"150\" height=\"150\" srcset=\"https:\/\/golfbraekers.nl\/wp-content\/uploads\/foto_hans_sweegers_heel_kl_jpg-150x150.png 150w, https:\/\/golfbraekers.nl\/wp-content\/uploads\/foto_hans_sweegers_heel_kl_jpg-300x300.png 300w, https:\/\/golfbraekers.nl\/wp-content\/uploads\/foto_hans_sweegers_heel_kl_jpg-100x100.png 100w, https:\/\/golfbraekers.nl\/wp-content\/uploads\/foto_hans_sweegers_heel_kl_jpg-600x596.png 600w, https:\/\/golfbraekers.nl\/wp-content\/uploads\/foto_hans_sweegers_heel_kl_jpg-768x763.png 768w, https:\/\/golfbraekers.nl\/wp-content\/uploads\/foto_hans_sweegers_heel_kl_jpg-1024x1017.png 1024w, https:\/\/golfbraekers.nl\/wp-content\/uploads\/foto_hans_sweegers_heel_kl_jpg.png 1228w\" sizes=\"auto, (max-width: 150px) 100vw, 150px\" \/><\/td>\n<td style=\"text-align: center;\">\n<p style=\"text-align: left;\"><strong>2015 Wim III<br \/>\n<\/strong><\/p>\n<blockquote>\n<p style=\"text-align: left;\"><strong>Sim-Sala-Bim, Hie is Prins Wim!<\/strong><\/p>\n<\/blockquote>\n<\/td>\n<\/tr>\n<tr>\n<td><a href=\"http:\/\/www.golfbraekers.nl\/wp-content\/uploads\/2014\/01\/geroud.jpg\"><img decoding=\"async\" class=\"alignnone size-full wp-image-740\" src=\"http:\/\/www.golfbraekers.nl\/wp-content\/uploads\/2014\/01\/geroud.jpg\" alt=\"geroud\" width=\"150\" \/><\/a><\/td>\n<td style=\"text-align: center;\">\n<p style=\"text-align: left;\"><strong>2014\u00a0Ger II<br \/>\n<\/strong><\/p>\n<blockquote>\n<p style=\"text-align: left;\"><strong>M\u00e8t eine glate bol,<br \/>\n<\/strong><strong>h\u00f6bbe wae altied lol<\/strong><\/p>\n<\/blockquote>\n<\/td>\n<\/tr>\n<tr>\n<td><img loading=\"lazy\" decoding=\"async\" class=\"alignnone size-thumbnail wp-image-477\" src=\"http:\/\/www.golfbraekers.nl\/wp-content\/uploads\/2014\/01\/eric_web-150x150.jpg\" alt=\"eric_web\" width=\"150\" height=\"150\" \/><\/td>\n<td style=\"text-align: center;\">\n<p style=\"text-align: left;\"><strong>2013 Eric I<\/strong><\/p>\n<blockquote>\n<p style=\"text-align: left;\"><strong>Miense&#8230; pak uch bieein, tot aswoonsdig<\/strong><br \/>\n<strong>ein knallend feest veur iederrein<\/strong><\/p>\n<\/blockquote>\n<\/td>\n<\/tr>\n<tr>\n<td><a href=\"http:\/\/www.golfbraekers.nl\/wp-content\/uploads\/2014\/01\/peter.png\"><img loading=\"lazy\" decoding=\"async\" class=\"alignnone size-thumbnail wp-image-481\" src=\"http:\/\/www.golfbraekers.nl\/wp-content\/uploads\/2014\/01\/peter-150x150.png\" alt=\"peter\" width=\"150\" height=\"150\" \/><\/a><\/td>\n<td><strong>2012 Peter I<\/strong><\/p>\n<blockquote><p><strong>M\u00e8t dees daag saneer ich geine gr\u00f3ndj,<br \/>\n<\/strong><strong>mer zwej ich miene scepter in &#8217;t rondj<strong><br \/>\n<\/strong><\/strong><\/p><\/blockquote>\n<\/td>\n<\/tr>\n<tr>\n<td><a href=\"http:\/\/www.golfbraekers.nl\/wp-content\/uploads\/2014\/01\/dave1.jpg\"><img loading=\"lazy\" decoding=\"async\" class=\"alignnone size-thumbnail wp-image-493\" src=\"http:\/\/www.golfbraekers.nl\/wp-content\/uploads\/2014\/01\/dave1-150x150.jpg\" alt=\"dave\" width=\"150\" height=\"150\" \/><\/a><\/td>\n<td><strong>2011 Dave I<\/strong><\/p>\n<blockquote><p><strong>Gooj zin\u00a0\u00e9n v\u00e4\u00f6l meziek, <\/strong><br \/>\n<strong>polonaise door &#8217;t Golfbraekersriek!! Alaaf!<\/strong><\/p><\/blockquote>\n<\/td>\n<\/tr>\n<tr>\n<td><a href=\"http:\/\/www.golfbraekers.nl\/wp-content\/uploads\/2014\/01\/pJ.jpg\"><img loading=\"lazy\" decoding=\"async\" class=\"alignnone size-thumbnail wp-image-490\" src=\"http:\/\/www.golfbraekers.nl\/wp-content\/uploads\/2014\/01\/pJ-150x150.jpg\" alt=\"pJ\" width=\"150\" height=\"150\" \/><\/a><\/td>\n<td><strong>2010 Joost I<\/strong><\/p>\n<blockquote><p><strong>Z\u00f3nger hamer, pielkes of gewaer\u00a0<\/strong><br \/>\n<strong>tr\u00e8kke wae van laer!<\/strong><\/p><\/blockquote>\n<\/td>\n<\/tr>\n<tr>\n<td>\u00a0<a href=\"http:\/\/www.golfbraekers.nl\/wp-content\/uploads\/2014\/01\/jo3.jpg\"><img loading=\"lazy\" decoding=\"async\" class=\"alignnone size-thumbnail wp-image-491\" src=\"http:\/\/www.golfbraekers.nl\/wp-content\/uploads\/2014\/01\/jo3-150x150.jpg\" alt=\"jo3\" width=\"150\" height=\"150\" \/><\/a><\/td>\n<td><strong>2009 Jo III<\/strong><\/p>\n<blockquote><p><strong>Steek op, baret aaf,&#8230;. alaaf<\/strong><\/p><\/blockquote>\n<\/td>\n<\/tr>\n<tr>\n<td>\u00a0<a href=\"http:\/\/www.golfbraekers.nl\/wp-content\/uploads\/2014\/01\/prins-dennis-i-en-adjudanten-werner-en-peter.jpg\"><img loading=\"lazy\" decoding=\"async\" class=\"alignnone size-thumbnail wp-image-489\" src=\"http:\/\/www.golfbraekers.nl\/wp-content\/uploads\/2014\/01\/prins-dennis-i-en-adjudanten-werner-en-peter-150x150.jpg\" alt=\"prins dennis i en adjudanten werner en peter\" width=\"150\" height=\"150\" \/><\/a><\/td>\n<td><strong>2008 Dennis I<\/strong><\/p>\n<blockquote><p><strong>Gein file of noeate laeze<\/strong><br \/>\n<strong>mer polonaise!!<\/strong><\/p><\/blockquote>\n<\/td>\n<\/tr>\n<tr>\n<td><a href=\"http:\/\/www.golfbraekers.nl\/wp-content\/uploads\/2014\/01\/prins-roel.jpg\"><img loading=\"lazy\" decoding=\"async\" class=\"alignnone size-thumbnail wp-image-488\" src=\"http:\/\/www.golfbraekers.nl\/wp-content\/uploads\/2014\/01\/prins-roel-150x150.jpg\" alt=\"prins roel\" width=\"150\" height=\"150\" \/><\/a><\/td>\n<td><strong>2007 Roel I<\/strong><\/p>\n<blockquote><p><strong>3&#215;11 waert top, m\u00e8t eine Jenneprins vuuerop<\/strong><\/p><\/blockquote>\n<\/td>\n<\/tr>\n<tr>\n<td><a href=\"http:\/\/www.golfbraekers.nl\/wp-content\/uploads\/2014\/01\/manuel.jpg\"><img loading=\"lazy\" decoding=\"async\" class=\"alignnone size-thumbnail wp-image-495\" src=\"http:\/\/www.golfbraekers.nl\/wp-content\/uploads\/2014\/01\/manuel-150x150.jpg\" alt=\"manuel\" width=\"150\" height=\"150\" \/><\/a><\/td>\n<td>\u00a0<strong>2006 Manuel I<\/strong><\/p>\n<blockquote><p><strong>M\u00eat polonaise, dans en meziek,\u00a0<\/strong><br \/>\n<strong>regeer ich ut Golfbraekersriek<\/strong><\/p><\/blockquote>\n<\/td>\n<\/tr>\n<tr>\n<td><a href=\"http:\/\/www.golfbraekers.nl\/wp-content\/uploads\/2014\/01\/rene1.jpg\"><img loading=\"lazy\" decoding=\"async\" class=\"alignnone size-thumbnail wp-image-498\" src=\"http:\/\/www.golfbraekers.nl\/wp-content\/uploads\/2014\/01\/rene1-150x150.jpg\" alt=\"rene\" width=\"150\" height=\"150\" \/><\/a><\/td>\n<td><strong>2005 Ren\u00e9<\/strong><\/p>\n<blockquote><p><strong>M\u00eat eine meister aan ne kop<br \/>\nis &#8217;t altied top<\/strong><\/p><\/blockquote>\n<\/td>\n<\/tr>\n<tr>\n<td colspan=\"2\"><em>Foto&#8217;s hieronder worden nog aangepast naar de juiste foto van de prins<\/em><\/td>\n<\/tr>\n<tr>\n<td><a href=\"http:\/\/www.golfbraekers.nl\/wp-content\/uploads\/2014\/01\/wimmulder2004.jpg\"><img loading=\"lazy\" decoding=\"async\" class=\"alignnone size-thumbnail wp-image-451\" src=\"http:\/\/www.golfbraekers.nl\/wp-content\/uploads\/2014\/01\/wimmulder2004-150x150.jpg\" alt=\"wimmulder2004\" width=\"150\" height=\"150\" \/><\/a><\/td>\n<td><a href=\"http:\/\/www.golfbraekers.nl\/wp-content\/uploads\/2014\/01\/2004.jpg\"><img loading=\"lazy\" decoding=\"async\" class=\"alignnone size-medium wp-image-499\" src=\"http:\/\/www.golfbraekers.nl\/wp-content\/uploads\/2014\/01\/2004-300x38.jpg\" alt=\"2004\" width=\"300\" height=\"38\" \/><\/a><\/td>\n<\/tr>\n<tr>\n<td><a href=\"http:\/\/www.golfbraekers.nl\/wp-content\/uploads\/2014\/01\/theileblanc2003.jpg\"><img loading=\"lazy\" decoding=\"async\" class=\"alignnone size-thumbnail wp-image-473\" src=\"http:\/\/www.golfbraekers.nl\/wp-content\/uploads\/2014\/01\/theileblanc2003-150x150.jpg\" alt=\"theileblanc2003\" width=\"150\" height=\"150\" \/><\/a><\/td>\n<td><a href=\"http:\/\/www.golfbraekers.nl\/wp-content\/uploads\/2014\/01\/2003.jpg\"><img loading=\"lazy\" decoding=\"async\" class=\"alignnone size-medium wp-image-500\" src=\"http:\/\/www.golfbraekers.nl\/wp-content\/uploads\/2014\/01\/2003-300x56.jpg\" alt=\"2003\" width=\"300\" height=\"56\" \/><\/a><\/td>\n<\/tr>\n<tr>\n<td><a href=\"http:\/\/www.golfbraekers.nl\/wp-content\/uploads\/2014\/01\/rogerjoris2002.jpg\"><img loading=\"lazy\" decoding=\"async\" class=\"alignnone size-thumbnail wp-image-469\" src=\"http:\/\/www.golfbraekers.nl\/wp-content\/uploads\/2014\/01\/rogerjoris2002-150x150.jpg\" alt=\"rogerjoris2002\" width=\"150\" height=\"150\" \/><\/a><\/td>\n<td><a href=\"http:\/\/www.golfbraekers.nl\/wp-content\/uploads\/2014\/01\/2002.jpg\"><img loading=\"lazy\" decoding=\"async\" class=\"alignnone size-medium wp-image-501\" src=\"http:\/\/www.golfbraekers.nl\/wp-content\/uploads\/2014\/01\/2002-300x54.jpg\" alt=\"2002\" width=\"300\" height=\"54\" \/><\/a><\/td>\n<\/tr>\n<tr>\n<td><a href=\"http:\/\/www.golfbraekers.nl\/wp-content\/uploads\/2014\/01\/ronmaesen2001.jpg\"><img loading=\"lazy\" decoding=\"async\" class=\"alignnone size-thumbnail wp-image-470\" src=\"http:\/\/www.golfbraekers.nl\/wp-content\/uploads\/2014\/01\/ronmaesen2001-150x150.jpg\" alt=\"ronmaesen2001\" width=\"150\" height=\"150\" \/><\/a><\/td>\n<td><a href=\"http:\/\/www.golfbraekers.nl\/wp-content\/uploads\/2014\/01\/2001.jpg\"><img loading=\"lazy\" decoding=\"async\" class=\"alignnone size-medium wp-image-502\" src=\"http:\/\/www.golfbraekers.nl\/wp-content\/uploads\/2014\/01\/2001-300x56.jpg\" alt=\"2001\" width=\"300\" height=\"56\" \/><\/a><\/td>\n<\/tr>\n<tr>\n<td><a href=\"http:\/\/www.golfbraekers.nl\/wp-content\/uploads\/2014\/01\/ralfvervoort2000.jpg\"><img loading=\"lazy\" decoding=\"async\" class=\"alignnone size-thumbnail wp-image-466\" src=\"http:\/\/www.golfbraekers.nl\/wp-content\/uploads\/2014\/01\/ralfvervoort2000-150x150.jpg\" alt=\"ralfvervoort2000\" width=\"150\" height=\"150\" \/><\/a><\/td>\n<td><a href=\"http:\/\/www.golfbraekers.nl\/wp-content\/uploads\/2014\/01\/2000.jpg\"><img loading=\"lazy\" decoding=\"async\" class=\"alignnone size-medium wp-image-503\" src=\"http:\/\/www.golfbraekers.nl\/wp-content\/uploads\/2014\/01\/2000-300x39.jpg\" alt=\"2000\" width=\"300\" height=\"39\" \/><\/a><\/td>\n<\/tr>\n<tr>\n<td>\u00a0<a href=\"http:\/\/www.golfbraekers.nl\/wp-content\/uploads\/2014\/01\/floordeleeuw1999.jpg\"><img loading=\"lazy\" decoding=\"async\" class=\"alignnone size-thumbnail wp-image-454\" src=\"http:\/\/www.golfbraekers.nl\/wp-content\/uploads\/2014\/01\/floordeleeuw1999-150x150.jpg\" alt=\"floordeleeuw1999\" width=\"150\" height=\"150\" \/><\/a><\/td>\n<td><a href=\"http:\/\/www.golfbraekers.nl\/wp-content\/uploads\/2014\/01\/1999.jpg\"><img loading=\"lazy\" decoding=\"async\" class=\"alignnone size-medium wp-image-504\" src=\"http:\/\/www.golfbraekers.nl\/wp-content\/uploads\/2014\/01\/1999-300x38.jpg\" alt=\"1999\" width=\"300\" height=\"38\" \/><\/a><\/td>\n<\/tr>\n<\/tbody>\n<\/table>\n<p>&#8230;andere jaren worden aangevuld&#8230;<\/p>\n","protected":false},"excerpt":{"rendered":"<p>2024 Mario I Met vasteloavend goan wea wie de brandjwaer! 2023 Job I Dreije is sjiek,&#8230; Prins is uniek!!! get met corona 2020 Jasper I Tr\u00e4\u00f6t aan de kantj, scepter in de handj!!! ALAAF 2019 Han I Neet kalle.. mer Knalle \u00a0 2018 Johan II Laef fie\u00ebst hos\u2026 4&#215;11 wae [&hellip;]<\/p>\n","protected":false},"author":1,"featured_media":0,"parent":0,"menu_order":0,"comment_status":"closed","ping_status":"closed","template":"","meta":{"footnotes":""},"class_list":["post-56","page","type-page","status-publish","hentry"],"_links":{"self":[{"href":"https:\/\/golfbraekers.nl\/index.php\/wp-json\/wp\/v2\/pages\/56","targetHints":{"allow":["GET"]}}],"collection":[{"href":"https:\/\/golfbraekers.nl\/index.php\/wp-json\/wp\/v2\/pages"}],"about":[{"href":"https:\/\/golfbraekers.nl\/index.php\/wp-json\/wp\/v2\/types\/page"}],"author":[{"embeddable":true,"href":"https:\/\/golfbraekers.nl\/index.php\/wp-json\/wp\/v2\/users\/1"}],"replies":[{"embeddable":true,"href":"https:\/\/golfbraekers.nl\/index.php\/wp-json\/wp\/v2\/comments?post=56"}],"version-history":[{"count":27,"href":"https:\/\/golfbraekers.nl\/index.php\/wp-json\/wp\/v2\/pages\/56\/revisions"}],"predecessor-version":[{"id":21417,"href":"https:\/\/golfbraekers.nl\/index.php\/wp-json\/wp\/v2\/pages\/56\/revisions\/21417"}],"wp:attachment":[{"href":"https:\/\/golfbraekers.nl\/index.php\/wp-json\/wp\/v2\/media?parent=56"}],"curies":[{"name":"wp","href":"https:\/\/api.w.org\/{rel}","templated":true}]}}